{"id":18047,"date":"2024-06-05T13:17:17","date_gmt":"2024-06-05T10:17:17","guid":{"rendered":"http:\/\/migallonlinemarket.com\/?page_id=18047"},"modified":"2024-06-05T13:17:17","modified_gmt":"2024-06-05T10:17:17","slug":"kvkk-basvuru-formu","status":"publish","type":"page","link":"https:\/\/migallonlinemarket.com\/index.php\/kvkk-basvuru-formu\/","title":{"rendered":"K.V.K.K. Ba\u015fvuru Formu"},"content":{"rendered":"\r\n<p><strong>VER\u0130 SAH\u0130B\u0130 BA\u015eVURU FORMU<\/strong><\/p>\r\n<p><strong>\u00a0<\/strong><\/p>\r\n<ol>\r\n<li><strong>VER\u0130 SAH\u0130B\u0130N\u0130N BA\u015eVURU HAKKI <\/strong><\/li>\r\n<\/ol>\r\n<p><strong><u>\u00a0<\/u><\/strong><\/p>\r\n<p>T\u00fcrkiye Cumhuriyeti Anayasas\u0131\u2019n\u0131n 20. maddesi gere\u011fince; herkes, kendisiyle ilgili ki\u015fisel verilerin korunmas\u0131n\u0131 isteme hakk\u0131na sahiptir. Bu hak; ki\u015finin kendisiyle ilgili ki\u015fisel veriler hakk\u0131nda bilgilendirilme, bu verilere eri\u015fme, bunlar\u0131n d\u00fczeltilmesini veya silinmesini talep etme ve ama\u00e7lar\u0131 do\u011frultusunda kullan\u0131l\u0131p kullan\u0131lmad\u0131\u011f\u0131n\u0131 \u00f6\u011frenmeyi de kapsar.<\/p>\r\n<p>&nbsp;<\/p>\r\n<h5 class=\"wp-block-heading\">\u00b7\u00a0\u00a0\u00a0\u00a0\u00a0\u00a0 Ba\u015fvuru Hakk\u0131n\u0131n Kapsam\u0131<\/h5>\r\n<p>&nbsp;<\/p>\r\n<p>6698 Say\u0131l\u0131 Ki\u015fisel Verilerin Korunmas\u0131 Kanunu\u2019nun11. maddesi uyar\u0131nca, veri sahipleri \u015eirketimize ba\u015fvurarak a\u015fa\u011f\u0131da yer alan konularda talepte bulunabilir:<\/p>\r\n<ul>\r\n<li>Ki\u015fisel verilerinin i\u015flenip i\u015flenmedi\u011fini \u00f6\u011frenme,<\/li>\r\n<li>Ki\u015fisel verileri i\u015flenmi\u015fse buna ili\u015fkin bilgi talep etme,<\/li>\r\n<li>Ki\u015fisel verilerinin i\u015flenme amac\u0131 ve bunlar\u0131n amac\u0131na uygun kullan\u0131l\u0131p kullan\u0131lmad\u0131\u011f\u0131n\u0131 \u00f6\u011frenme,<\/li>\r\n<li>Ki\u015fisel verilerinin yurt i\u00e7inde veya yurt d\u0131\u015f\u0131nda aktar\u0131ld\u0131\u011f\u0131 \u00fc\u00e7\u00fcnc\u00fc ki\u015fileri \u00f6\u011frenme,<\/li>\r\n<li>Ki\u015fisel verilerinin eksik veya yanl\u0131\u015f i\u015flenmi\u015f olmas\u0131 h\u00e2linde bunlar\u0131n d\u00fczeltilmesini isteme ve bu kapsamda yap\u0131lan i\u015flemin ki\u015fisel verilerin aktar\u0131ld\u0131\u011f\u0131 \u00fc\u00e7\u00fcnc\u00fc ki\u015filere bildirilmesini isteme,<\/li>\r\n<li>KVKK Kanunu ve ilgili di\u011fer kanun h\u00fck\u00fcmlerine uygun olarak i\u015flenmi\u015f olmas\u0131na ra\u011fmen, i\u015flenmesini gerektiren sebeplerin ortadan kalkmas\u0131 h\u00e2linde ki\u015fisel verilerinin silinmesini, yok edilmesini veya anonim hale getirilmesini isteme ve bu kapsamda yap\u0131lan i\u015flemin ki\u015fisel verilerinin aktar\u0131ld\u0131\u011f\u0131 \u00fc\u00e7\u00fcnc\u00fc ki\u015filere bildirilmesini isteme,<\/li>\r\n<li>\u0130\u015flenen verilerinin m\u00fcnhas\u0131ran otomatik sistemler vas\u0131tas\u0131yla analiz edilmesi suretiyle aleyhine bir sonucun ortaya \u00e7\u0131kmas\u0131na itiraz etme,<\/li>\r\n<li>Ki\u015fisel verilerinin kanuna ayk\u0131r\u0131 olarak i\u015flenmesi sebebiyle zarara u\u011framas\u0131 h\u00e2linde zarar\u0131n giderilmesini talep etme.<\/li>\r\n<\/ul>\r\n<p><strong>\u00a0<\/strong><\/p>\r\n<h5><a name=\"_Toc466934954\"><\/a>\u00b7\u00a0\u00a0\u00a0\u00a0\u00a0\u00a0 Ba\u015fvuru Hakk\u0131 Kapsam\u0131 D\u0131\u015f\u0131nda Kalan Haller<\/h5>\r\n<p>&nbsp;<\/p>\r\n<p>KVK Kanunu\u2019nun 28. maddesi gere\u011fince a\u015fa\u011f\u0131daki hallerin KVK Kanunu\u2019nun kapsam\u0131nda olmamas\u0131 sebebiyle, ki\u015fisel veri sahiplerinin a\u015fa\u011f\u0131da yer alan konularda haklar\u0131n\u0131 ileri s\u00fcrmeleri m\u00fcmk\u00fcn olmayacakt\u0131r:<\/p>\r\n<ul>\r\n<li>Ki\u015fisel verilerin mill\u00ee savunmay\u0131, mill\u00ee g\u00fcvenli\u011fi, kamu g\u00fcvenli\u011fini, kamu d\u00fczenini, ekonomik g\u00fcvenli\u011fi, \u00f6zel hayat\u0131n gizlili\u011fini veya ki\u015filik haklar\u0131n\u0131 ihlal etmemek ya da su\u00e7 te\u015fkil etmemek kayd\u0131yla, sanat, tarih, edebiyat veya bilimsel ama\u00e7larla ya da ifade \u00f6zg\u00fcrl\u00fc\u011f\u00fc kapsam\u0131nda i\u015flenmesi.<\/li>\r\n<li>Ki\u015fisel verilerin resmi istatistik ile anonim h\u00e2le getirilmek suretiyle ara\u015ft\u0131rma, planlama ve istatistik gibi ama\u00e7larla i\u015flenmesi.<\/li>\r\n<li>Ki\u015fisel verilerin mill\u00ee savunmay\u0131, mill\u00ee g\u00fcvenli\u011fi, kamu g\u00fcvenli\u011fini, kamu d\u00fczenini veya ekonomik g\u00fcvenli\u011fi sa\u011flamaya y\u00f6nelik olarak kanunla g\u00f6rev ve yetki verilmi\u015f kamu kurum ve kurulu\u015flar\u0131 taraf\u0131ndan y\u00fcr\u00fct\u00fclen \u00f6nleyici, koruyucu ve istihbari faaliyetler kapsam\u0131nda i\u015flenmesi.<\/li>\r\n<li>Ki\u015fisel verilerin soru\u015fturma, kovu\u015fturma, yarg\u0131lama veya infaz i\u015flemlerine ili\u015fkin olarak yarg\u0131 makamlar\u0131 veya infaz mercileri taraf\u0131ndan i\u015flenmesi.<\/li>\r\n<\/ul>\r\n<p>&nbsp;<\/p>\r\n<p>KVK Kanunu\u2019nun 28\/2 maddesi gere\u011fince; a\u015fa\u011f\u0131da s\u0131ralanan hallerde zarar\u0131n giderilmesini talep etme hari\u00e7 olmak \u00fczere, ki\u015fisel veri sahiplerinin haklar\u0131n\u0131 ileri s\u00fcrmeleri m\u00fcmk\u00fcn olmayacakt\u0131r:<\/p>\r\n<p>&nbsp;<\/p>\r\n<ul>\r\n<li>Ki\u015fisel veri i\u015flemenin su\u00e7 i\u015flenmesinin \u00f6nlenmesi veya su\u00e7 soru\u015fturmas\u0131 i\u00e7in gerekli olmas\u0131.<\/li>\r\n<li>Ki\u015fisel veri sahibi taraf\u0131ndan kendisi taraf\u0131ndan alenile\u015ftirilmi\u015f ki\u015fisel verilerin i\u015flenmesi.<\/li>\r\n<li>Ki\u015fisel veri i\u015flemenin kanunun verdi\u011fi yetkiye dayan\u0131larak g\u00f6revli ve yetkili kamu kurum ve kurulu\u015flar\u0131 ile kamu kurumu niteli\u011findeki meslek kurulu\u015flar\u0131nca, denetleme veya d\u00fczenleme g\u00f6revlerinin y\u00fcr\u00fct\u00fclmesi ile disiplin soru\u015fturma veya kovu\u015fturmas\u0131 i\u00e7in gerekli olmas\u0131.<\/li>\r\n<li>Ki\u015fisel veri i\u015flemenin b\u00fct\u00e7e, vergi ve mali konulara ili\u015fkin olarak Devletin ekonomik ve mali \u00e7\u0131karlar\u0131n\u0131n korunmas\u0131 i\u00e7in gerekli olmas\u0131.<\/li>\r\n<\/ul>\r\n<p>&nbsp;<\/p>\r\n<p>&nbsp;<\/p>\r\n<ol>\r\n<li><strong>\u015e\u0130RKET\u0130M\u0130Z\u0130N BA\u015eVURULARI SONU\u00c7LANDIRMASI<\/strong><\/li>\r\n<\/ol>\r\n<p>&nbsp;<\/p>\r\n<p>KVK Kanunu\u2019nun 13. maddesine uygun olarak ki\u015fisel veri sahiplerinin ki\u015fisel verilerine ili\u015fkin taleplerini \u015eirketimize yaz\u0131l\u0131 olarak iletmeleri durumunda, \u015eirketimiz veri sorumlusu s\u0131fat\u0131yla, talebin niteli\u011fine g\u00f6re en k\u0131sa s\u00fcrede ve en ge\u00e7 otuz (30) g\u00fcn i\u00e7inde sonu\u00e7land\u0131r\u0131lmas\u0131n\u0131 sa\u011flayacakt\u0131r.<\/p>\r\n<p>&nbsp;<\/p>\r\n<p>Verilerin g\u00fcvenli\u011fini sa\u011flama amac\u0131yla, \u015eirketimiz taraf\u0131ndan, ba\u015fvuruda bulunan ki\u015finin ba\u015fvuruya konu ki\u015fisel verinin sahibi olup olmad\u0131\u011f\u0131n\u0131 tespit etmek amac\u0131yla ba\u015fvuruda bulunan ki\u015fiden bilgi talep edilebilecektir. \u015eirketimiz ayr\u0131ca ki\u015fisel veri sahibinin ba\u015fvurusunun talebe uygun bir bi\u00e7imde sonu\u00e7land\u0131r\u0131lmas\u0131n\u0131 sa\u011flamak ad\u0131na, ki\u015fisel veri sahibine ba\u015fvurusu ile ilgili soru y\u00f6neltebilir.<\/p>\r\n<p>&nbsp;<\/p>\r\n<p>Veri sahibinin ba\u015fvurusunun; di\u011fer ki\u015filerin hak ve \u00f6zg\u00fcrl\u00fcklerini engelleme ihtimali olmas\u0131, orant\u0131s\u0131z \u00e7aba gerektirmesi, bilginin kamuya a\u00e7\u0131k bir bilgi olmas\u0131 gibi durumlarda M\u0130GALL taraf\u0131ndan gerek\u00e7esi a\u00e7\u0131klanarak talep reddedilebilecektir.<\/p>\r\n<p>&nbsp;<\/p>\r\n<p>&nbsp;<\/p>\r\n<p>&nbsp;<\/p>\r\n<ul>\r\n<li><strong>VER\u0130 SAH\u0130PLER\u0130 TARAFINDAN \u0130ZLENECEK BA\u015eVURU Y\u00d6NTEM\u0130<\/strong><\/li>\r\n<\/ul>\r\n<p>&nbsp;<\/p>\r\n<p>Veri sahiplerinin haklar\u0131na ili\u015fkin ba\u015fvurular\u0131n\u0131, KVKK Kanunu\u2019nun 13. maddesine uygun bir bi\u00e7imde, yaz\u0131l\u0131 olarak veya Ki\u015fisel Verilerin Korunmas\u0131 Kurulutaraf\u0131ndan belirlenen di\u011fer y\u00f6ntemlerle \u015eirketimize iletmeleri gerekmektedir.<\/p>\r\n<p>&nbsp;<\/p>\r\n<p>\u015eirketimize \u201cyaz\u0131l\u0131\u201d olarak yap\u0131lacak ba\u015fvurular\u0131n i\u015fbu form kullan\u0131larak;<\/p>\r\n<p>&nbsp;<\/p>\r\n<h5>\u2015\u00a0\u00a0\u00a0 \u0130adeli taahh\u00fctl\u00fc mektupla,<\/h5>\r\n<h5>\u2015\u00a0\u00a0\u00a0 \u015eahsen Y\u0131ld\u0131r\u0131m Beyaz\u0131t Bulvar\u0131 Mh. Sivas Bul. No 228 Melikgazi Kayseri adresine,<\/h5>\r\n<p>&nbsp;<\/p>\r\n<h5>\u00b7\u00a0\u00a0\u00a0\u00a0\u00a0\u00a0 Ba\u015fvurular\u0131n Y\u00f6neltilece\u011fi Kanal<\/h5>\r\n<p>&nbsp;<\/p>\r\n<table width=\"591\">\r\n<tbody>\r\n<tr>\r\n<td rowspan=\"2\" width=\"84\">\r\n<p><strong>BA\u015eVURU Y\u00d6NTEM\u0130<\/strong><\/p>\r\n<\/td>\r\n<td rowspan=\"2\" width=\"169\">\r\n<p>\u0130adeli Taahh\u00fctl\u00fc Mektup<\/p>\r\n<\/td>\r\n<td rowspan=\"2\" width=\"159\">\r\n<p>Kay\u0131tl\u0131 Elektronik Posta<\/p>\r\n<\/td>\r\n<td rowspan=\"2\" width=\"179\">\r\n<p>\u015eahsen Ba\u015fvuru<\/p>\r\n<\/td>\r\n<td width=\"0\">\u00a0<\/td>\r\n<\/tr>\r\n<tr>\r\n<td width=\"0\">\u00a0<\/td>\r\n<\/tr>\r\n<tr>\r\n<td rowspan=\"2\" width=\"84\">\r\n<p><strong>BA\u015eVURU ADRES\u0130<\/strong><\/p>\r\n<\/td>\r\n<td rowspan=\"2\" width=\"169\">\r\n<p>\u2026\u2026\u2026\u2026\u2026\u2026\u2026\u2026\u2026\u2026\u2026<\/p>\r\n<\/td>\r\n<td rowspan=\"2\" width=\"159\">\r\n<p>\u2026\u2026\u2026\u2026\u2026\u2026\u2026\u2026\u2026\u2026\u2026<\/p>\r\n<\/td>\r\n<td rowspan=\"2\" width=\"179\">\r\n<p>\u2026\u2026\u2026\u2026\u2026\u2026\u2026\u2026\u2026\u2026\u2026<\/p>\r\n<\/td>\r\n<td width=\"0\">\u00a0<\/td>\r\n<\/tr>\r\n<tr>\r\n<td width=\"0\">\u00a0<\/td>\r\n<\/tr>\r\n<tr>\r\n<td rowspan=\"2\" width=\"84\">\r\n<p><strong>BA\u015eVURUDA G\u00d6STER\u0130LECEK B\u0130LG\u0130<\/strong><\/p>\r\n<\/td>\r\n<td rowspan=\"2\" width=\"169\">\r\n<p>\u2026\u2026\u2026\u2026\u2026\u2026\u2026\u2026\u2026.<\/p>\r\n<\/td>\r\n<td rowspan=\"2\" width=\"159\">\r\n<p>\u2026\u2026\u2026\u2026\u2026\u2026\u2026\u2026\u2026.<\/p>\r\n<\/td>\r\n<td rowspan=\"2\" width=\"179\">\r\n<p>\u2026\u2026\u2026\u2026\u2026\u2026\u2026\u2026\u2026\u2026\u2026<\/p>\r\n<\/td>\r\n<td width=\"0\">\u00a0<\/td>\r\n<\/tr>\r\n<tr>\r\n<td width=\"0\">\u00a0<\/td>\r\n<\/tr>\r\n<\/tbody>\r\n<\/table>\r\n<p>&nbsp;<\/p>\r\n<h5>\u00b7\u00a0\u00a0\u00a0\u00a0\u00a0\u00a0 Ba\u015fvuru Sahibi Taraf\u0131ndan Y\u00f6neltilecek Talepler<\/h5>\r\n<p><strong>\u00a0<\/strong><\/p>\r\n<table>\r\n<tbody>\r\n<tr>\r\n<td width=\"83\">\r\n<p><strong>\u00a0<\/strong><\/p>\r\n<\/td>\r\n<td width=\"425\">\r\n<p><strong>Konu<\/strong><\/p>\r\n<\/td>\r\n<td width=\"85\">\r\n<p><strong>Tercih <\/strong><\/p>\r\n<p><strong>\u00a0<\/strong><\/p>\r\n<\/td>\r\n<\/tr>\r\n<tr>\r\n<td width=\"83\">\r\n<p><strong>\u00a0<\/strong><\/p>\r\n<p><strong>1<\/strong><\/p>\r\n<\/td>\r\n<td width=\"425\">\r\n<p>\u015eirketiniz nezdinde ki\u015fisel verilerim i\u015fleniyor mu?<\/p>\r\n<\/td>\r\n<td width=\"85\">\r\n<p>&nbsp;<\/p>\r\n<\/td>\r\n<\/tr>\r\n<tr>\r\n<td width=\"83\">\r\n<p><strong>2<\/strong><\/p>\r\n<\/td>\r\n<td width=\"425\">\r\n<p>\u015eirketiniz nezdinde ki\u015fisel verilerim i\u015fleniyorsa, i\u015fleme faaliyeti hakk\u0131nda bilgi talep ediyorum.<\/p>\r\n<\/td>\r\n<td width=\"85\">\r\n<p>&nbsp;<\/p>\r\n<\/td>\r\n<\/tr>\r\n<tr>\r\n<td width=\"83\">\r\n<p><strong>3<\/strong><\/p>\r\n<\/td>\r\n<td width=\"425\">\r\n<p>\u015eirketiniz nezdinde ki\u015fisel verilerim i\u015fleniyorsa, ki\u015fisel veri i\u015fleme faaliyetinin amac\u0131 ve faaliyetin i\u015fleme amac\u0131na uygun y\u00fcr\u00fct\u00fcl\u00fcp y\u00fcrt\u00fclmedi\u011fi konusunda bilgi talep ediyorum.<\/p>\r\n<\/td>\r\n<td width=\"85\">\r\n<p>&nbsp;<\/p>\r\n<\/td>\r\n<\/tr>\r\n<tr>\r\n<td width=\"83\">\r\n<p><strong>4<\/strong><\/p>\r\n<\/td>\r\n<td width=\"425\">\r\n<p>Ki\u015fisel verilerim yurti\u00e7inde veya yurtd\u0131\u015f\u0131nda \u00fc\u00e7\u00fcnc\u00fc ki\u015filere aktar\u0131l\u0131yor mu? Ki\u015fisel verilerim aktar\u0131l\u0131yorsa, \u00fc\u00e7\u00fcnc\u00fc ki\u015filer hakk\u0131nda bilgi talep ediyorum.<\/p>\r\n<\/td>\r\n<td width=\"85\">\r\n<p>&nbsp;<\/p>\r\n<\/td>\r\n<\/tr>\r\n<tr>\r\n<td width=\"83\">\r\n<p><strong>5<\/strong><\/p>\r\n<\/td>\r\n<td width=\"425\">\r\n<p>Ki\u015fisel verilerimin \u015eirketiniz nezdinde eksik veya yanl\u0131\u015f i\u015flendi\u011fini d\u00fc\u015f\u00fcn\u00fcyorum ve d\u00fczeltilmesini talep ediyorum.<\/p>\r\n<p><strong>Talep halinde a\u015fa\u011f\u0131da yer alan bilgi ve belgeler \u015eirketimize iletilmelidir: <\/strong><\/p>\r\n<p>\u00b7\u00a0\u00a0\u00a0\u00a0\u00a0\u00a0\u00a0\u00a0\u00a0\u00a0\u00a0\u00a0\u00a0\u00a0\u00a0 <strong>Eksik veya yanl\u0131\u015f oldu\u011funu d\u00fc\u015f\u00fcnd\u00fc\u011f\u00fcn\u00fcz, d\u00fczeltilmesini istedi\u011finiz ki\u015fisel verinizin i\u00e7eri\u011fi.<\/strong><\/p>\r\n<p>\u00b7\u00a0\u00a0\u00a0\u00a0\u00a0\u00a0\u00a0\u00a0\u00a0\u00a0\u00a0\u00a0\u00a0\u00a0\u00a0 <strong>Ki\u015fisel veilerinizin do\u011fru ve tamamlay\u0131c\u0131 bilgilerini g\u00f6steren belgeler. <\/strong><\/p>\r\n<p>&nbsp;<\/p>\r\n<\/td>\r\n<td width=\"85\">\r\n<p>&nbsp;<\/p>\r\n<\/td>\r\n<\/tr>\r\n<tr>\r\n<td width=\"83\">\r\n<p><strong>6<\/strong><\/p>\r\n<\/td>\r\n<td width=\"425\">\r\n<p>Ki\u015fisel verilerimin i\u015flenme sebeplerinin ortadan kalkt\u0131\u011f\u0131n\u0131 d\u00fc\u015f\u00fcn\u00fcyorum bu nedenle ki\u015fisel verilerimin,<\/p>\r\n<p>&nbsp;<\/p>\r\n<p>Silinmesi <strong>veya<\/strong><\/p>\r\n<p>&nbsp;<\/p>\r\n<p>Anonim hale getirilmesi talep ediyorum.<\/p>\r\n<p>&nbsp;<\/p>\r\n<p><strong>Talep halinde ki\u015fisel verilerinizin i\u015flenme sebeplerinin neden mevcut olmad\u0131\u011fn\u0131 d\u00fc\u015f\u00fcnd\u00fc\u011f\u00fcn\u00fcze ili\u015fkin a\u00e7\u0131klay\u0131c\u0131 bilgi\/belge \u015eirketimize iletilmelidir.<\/strong><\/p>\r\n<p>&nbsp;<\/p>\r\n<\/td>\r\n<td width=\"85\">\r\n<p>&nbsp;<\/p>\r\n<\/td>\r\n<\/tr>\r\n<tr>\r\n<td width=\"83\">\r\n<p><strong>7<\/strong><\/p>\r\n<\/td>\r\n<td width=\"425\">\r\n<p>Ki\u015fisel verilerim \u015eirketiniz nezdinde eksik veya yanl\u0131\u015f i\u015fleniyorsa ki\u015fisel verileriminaktar\u0131ld\u0131\u011f\u0131 \u00fc\u00e7\u00fcnc\u00fc ki\u015filere bu durumun bildirilmesini talep ediyorum.<\/p>\r\n<p><strong>Talep halinde a\u015fa\u011f\u0131da yer alan bilgi ve belgeler \u015eirketimize iletilmelidir: <\/strong><\/p>\r\n<p>\u00b7\u00a0\u00a0\u00a0\u00a0\u00a0\u00a0\u00a0\u00a0\u00a0\u00a0\u00a0\u00a0\u00a0\u00a0\u00a0 <strong>Eksik veya yanl\u0131\u015f oldu\u011funu d\u00fc\u015f\u00fcnd\u00fc\u011f\u00fcn\u00fcz, d\u00fczeltilmesini istedi\u011finiz ki\u015fisel verinizin i\u00e7eri\u011fi.<\/strong><\/p>\r\n<p>\u00b7\u00a0\u00a0\u00a0\u00a0\u00a0\u00a0\u00a0\u00a0\u00a0\u00a0\u00a0\u00a0\u00a0\u00a0\u00a0 <strong>Ki\u015fisel veilerinizin do\u011fru ve tamamlay\u0131c\u0131 bilgilerini g\u00f6steren belgeler. <\/strong><\/p>\r\n<p>&nbsp;<\/p>\r\n<\/td>\r\n<td width=\"85\">\r\n<p>&nbsp;<\/p>\r\n<\/td>\r\n<\/tr>\r\n<tr>\r\n<td width=\"83\">\r\n<p><strong>\u00a0<\/strong><\/p>\r\n<p><strong>8<\/strong><\/p>\r\n<p><strong>\u00a0<\/strong><\/p>\r\n<\/td>\r\n<td width=\"425\">\r\n<p>Ki\u015fisel verilerimin i\u015flenmesini gerektiren sebeplerortadan kalkt\u0131ysabu durumun ki\u015fisel verilerimin aktar\u0131ld\u0131\u011f\u0131 \u00fc\u00e7\u00fcnc\u00fc ki\u015filere bildirilmesini talep ediyorum.<\/p>\r\n<p><strong>Talep halinde ki\u015fisel verilerinizin i\u015flenme sebeplerinin neden mevcut olmad\u0131\u011f\u0131n\u0131 d\u00fc\u015f\u00fcnd\u00fc\u011f\u00fcn\u00fcze ili\u015fkin a\u00e7\u0131klay\u0131c\u0131 bilgi\/belge \u015eirketimize iletilmelidir.<\/strong><\/p>\r\n<p>&nbsp;<\/p>\r\n<\/td>\r\n<td width=\"85\">\r\n<p>&nbsp;<\/p>\r\n<\/td>\r\n<\/tr>\r\n<tr>\r\n<td width=\"83\">\r\n<p><strong>9 <\/strong><\/p>\r\n<\/td>\r\n<td width=\"425\">\r\n<p>\u015eirketiniz nezdinde i\u015flenen ki\u015fisel verilerimin m\u00fcnhas\u0131ran otomatik sistemler vas\u0131tas\u0131yla analiz edilmesi neticesinde aleyhime do\u011fan sonuca itiraz ediyorum.<\/p>\r\n<p><strong>Talep halinde aleyhinize \u00e7\u0131kan sonucu a\u00e7\u0131klayan bilgi\/belge \u015eirketimize iletilmelidir.<\/strong><\/p>\r\n<p>&nbsp;<\/p>\r\n<\/td>\r\n<td width=\"85\">\r\n<p>&nbsp;<\/p>\r\n<\/td>\r\n<\/tr>\r\n<tr>\r\n<td width=\"83\">\r\n<p><strong>10 <\/strong><\/p>\r\n<\/td>\r\n<td width=\"425\">\r\n<p>Ki\u015fisel verilerimin kanuna ayk\u0131r\u0131 i\u015flenmesi nedeniyle u\u011frad\u0131\u011f\u0131m zarar\u0131n giderilmesini talep ediyorum.<\/p>\r\n<p><strong>Talep halinde u\u011frad\u0131\u011f\u0131n\u0131z zarar\u0131 a\u00e7\u0131klayan bilgi\/belge \u015eirketimize iletilmelidir.<\/strong><\/p>\r\n<p>&nbsp;<\/p>\r\n<\/td>\r\n<td width=\"85\">\r\n<p>&nbsp;<\/p>\r\n<\/td>\r\n<\/tr>\r\n<\/tbody>\r\n<\/table>\r\n<p><strong>\u00a0<\/strong><\/p>\r\n<p><strong>\u00a0<\/strong><\/p>\r\n<p><strong>\u00a0<\/strong><\/p>\r\n<p><strong>\u00a0<\/strong><\/p>\r\n<p><strong>\u00a0<\/strong><\/p>\r\n<ol>\r\n<li><strong>BA\u015eVURU SAH\u0130B\u0130 \u0130LE \u0130LET\u0130\u015e\u0130M KURULMASI<\/strong><\/li>\r\n<\/ol>\r\n<p>&nbsp;<\/p>\r\n<p>Ba\u015fvurunuzun \u015eirketimiz taraf\u0131ndan sonu\u00e7land\u0131r\u0131lmas\u0131 ve sonu\u00e7lar\u0131n sizlere iletilmesinin teminini sa\u011flamak amac\u0131yla a\u015fa\u011f\u0131da yer alan bilgilerin ba\u015fvuruda bulunan veri sahibi taraf\u0131ndan d\u00fczenlenmesi gerekmektedir.<\/p>\r\n<p>&nbsp;<\/p>\r\n<p>Ba\u015fvuruda bulunan veri sahibinin;<\/p>\r\n<p>&nbsp;<\/p>\r\n<p>&nbsp;<\/p>\r\n<table>\r\n<tbody>\r\n<tr>\r\n<td width=\"243\">\r\n<p>Ad\u0131 Soyad\u0131<\/p>\r\n<\/td>\r\n<td width=\"19\">\r\n<p>:<\/p>\r\n<\/td>\r\n<td width=\"357\">\r\n<p>&nbsp;<\/p>\r\n<\/td>\r\n<\/tr>\r\n<tr>\r\n<td width=\"243\">\r\n<p>TC Kimlik Numaras\u0131<\/p>\r\n<\/td>\r\n<td width=\"19\">\r\n<p>:<\/p>\r\n<\/td>\r\n<td width=\"357\">\r\n<p>&nbsp;<\/p>\r\n<\/td>\r\n<\/tr>\r\n<tr>\r\n<td width=\"243\">\r\n<p>Adresi<\/p>\r\n<\/td>\r\n<td width=\"19\">\r\n<p>:<\/p>\r\n<\/td>\r\n<td width=\"357\">\r\n<p>&nbsp;<\/p>\r\n<\/td>\r\n<\/tr>\r\n<tr>\r\n<td width=\"243\">\r\n<p>Cep Telefonu<\/p>\r\n<\/td>\r\n<td width=\"19\">\r\n<p>:<\/p>\r\n<\/td>\r\n<td width=\"357\">\r\n<p>&nbsp;<\/p>\r\n<\/td>\r\n<\/tr>\r\n<tr>\r\n<td width=\"243\">\r\n<p>E-posta Adresi<\/p>\r\n<\/td>\r\n<td width=\"19\">\r\n<p>:<\/p>\r\n<\/td>\r\n<td width=\"357\">\r\n<p>&nbsp;<\/p>\r\n<\/td>\r\n<\/tr>\r\n<tr>\r\n<td width=\"243\">\r\n<p>\u015eirketimizle Aras\u0131ndaki \u0130li\u015fki<\/p>\r\n<\/td>\r\n<td width=\"19\">\r\n<p>:<\/p>\r\n<\/td>\r\n<td width=\"357\">\r\n<p>\u0130\u015f Orta\u011f\u0131<\/p>\r\n<p>Ziyaret\u00e7i<\/p>\r\n<p>Di\u011fer<\/p>\r\n<p>&nbsp;<\/p>\r\n<p>&nbsp;<\/p>\r\n<\/td>\r\n<\/tr>\r\n<tr>\r\n<td width=\"243\">\r\n<p>\u015eirketmizle Olan \u0130li\u015fkisinin Sona Erip Ermedi\u011fi<\/p>\r\n<\/td>\r\n<td width=\"19\">\r\n<p>:<\/p>\r\n<\/td>\r\n<td width=\"357\">\r\n<p>Devam Ediyor<\/p>\r\n<p>Sona Erdi<\/p>\r\n<\/td>\r\n<\/tr>\r\n<tr>\r\n<td width=\"243\">\r\n<p>\u0130leti\u015fim Adresi Tercihi<\/p>\r\n<\/td>\r\n<td width=\"19\">\r\n<p>:<\/p>\r\n<\/td>\r\n<td width=\"357\">\r\n<p>&nbsp;<\/p>\r\n<\/td>\r\n<\/tr>\r\n<\/tbody>\r\n<\/table>\r\n<p>&nbsp;<\/p>\r\n<p>&nbsp;<\/p>\r\n<p>Ba\u015fvuru Tarihi \u00a0\u00a0\u00a0\u00a0\u00a0\u00a0\u00a0 :<\/p>\r\n<p>\u0130mza\u00a0\u00a0\u00a0\u00a0\u00a0\u00a0\u00a0\u00a0\u00a0\u00a0\u00a0\u00a0\u00a0\u00a0\u00a0\u00a0\u00a0\u00a0\u00a0 :<\/p>\r\n<p>&nbsp;<\/p>","protected":false},"excerpt":{"rendered":"<p>VER\u0130 SAH\u0130B\u0130 BA\u015eVURU FORMU \u00a0 VER\u0130 SAH\u0130B\u0130N\u0130N BA\u015eVURU HAKKI \u00a0 T\u00fcrkiye Cumhuriyeti Anayasas\u0131\u2019n\u0131n 20. maddesi gere\u011fince; herkes, kendisiyle ilgili ki\u015fisel verilerin korunmas\u0131n\u0131 isteme hakk\u0131na sahiptir. Bu hak; ki\u015finin kendisiyle ilgili ki\u015fisel veriler hakk\u0131nda bilgilendirilme, bu verilere eri\u015fme, bunlar\u0131n d\u00fczeltilmesini veya silinmesini talep etme ve ama\u00e7lar\u0131 do\u011frultusunda kullan\u0131l\u0131p kullan\u0131lmad\u0131\u011f\u0131n\u0131 \u00f6\u011frenmeyi de kapsar. &nbsp; \u00b7\u00a0\u00a0\u00a0\u00a0\u00a0\u00a0 Ba\u015fvuru Hakk\u0131n\u0131n<\/p>\n","protected":false},"author":1,"featured_media":0,"parent":0,"menu_order":0,"comment_status":"closed","ping_status":"open","template":"","meta":{"footnotes":""},"class_list":["post-18047","page","type-page","status-publish","hentry"],"_links":{"self":[{"href":"https:\/\/migallonlinemarket.com\/index.php\/wp-json\/wp\/v2\/pages\/18047","targetHints":{"allow":["GET"]}}],"collection":[{"href":"https:\/\/migallonlinemarket.com\/index.php\/wp-json\/wp\/v2\/pages"}],"about":[{"href":"https:\/\/migallonlinemarket.com\/index.php\/wp-json\/wp\/v2\/types\/page"}],"author":[{"embeddable":true,"href":"https:\/\/migallonlinemarket.com\/index.php\/wp-json\/wp\/v2\/users\/1"}],"replies":[{"embeddable":true,"href":"https:\/\/migallonlinemarket.com\/index.php\/wp-json\/wp\/v2\/comments?post=18047"}],"version-history":[{"count":1,"href":"https:\/\/migallonlinemarket.com\/index.php\/wp-json\/wp\/v2\/pages\/18047\/revisions"}],"predecessor-version":[{"id":18048,"href":"https:\/\/migallonlinemarket.com\/index.php\/wp-json\/wp\/v2\/pages\/18047\/revisions\/18048"}],"wp:attachment":[{"href":"https:\/\/migallonlinemarket.com\/index.php\/wp-json\/wp\/v2\/media?parent=18047"}],"curies":[{"name":"wp","href":"https:\/\/api.w.org\/{rel}","templated":true}]}}