{"id":18043,"date":"2024-06-05T13:14:23","date_gmt":"2024-06-05T10:14:23","guid":{"rendered":"http:\/\/migallonlinemarket.com\/?page_id=18043"},"modified":"2024-06-05T13:14:23","modified_gmt":"2024-06-05T10:14:23","slug":"cerez-politikasi","status":"publish","type":"page","link":"https:\/\/migallonlinemarket.com\/index.php\/cerez-politikasi\/","title":{"rendered":"\u00c7erez Politikas\u0131"},"content":{"rendered":"\r\n<p>ANADOLU \u00c7AR\u015eI MA\u011eAZA \u0130\u015eLETMELER\u0130 T\u0130CARET VE SANAY\u0130 ANON\u0130M \u015e\u0130RKET\u0130<\/p>\r\n<p><strong>\u0130NTERNET S\u0130TES\u0130 \u00c7EREZ AYDINLATMA METN\u0130<\/strong><\/p>\r\n<p>Son g\u00fcncelleme tarihi: 01\/07\/2020<\/p>\r\n<p>ANADOLU \u00c7AR\u015eI MA\u011eAZA \u0130\u015eLETMELER\u0130 T\u0130CARET VE SANAY\u0130 ANON\u0130M \u015e\u0130RKET\u0130 olarak, \u00e7evrimi\u00e7i mecralar\u0131m\u0131z\u0131 ziyaretleriniz s\u0131ras\u0131nda sizlerin deneyiminizi geli\u015ftirmek i\u00e7in \u00e7erezler, pikseller, gifler gibi baz\u0131 teknolojilerden faydalanmaktay\u0131z. Bu teknolojilerin kullan\u0131m\u0131 ba\u015fta 6698 say\u0131l\u0131 Ki\u015fisel Verilerin Korunmas\u0131 Kanunu olmak \u00fczere tabi oldu\u011fumuz mevzuata uygun \u015fekilde ger\u00e7ekle\u015ftirilmektedir.<\/p>\r\n<p>\u0130\u015fbu Ayd\u0131nlatma Metni\u2019nin amac\u0131, taraf\u0131m\u0131zca i\u015fletilmekte olan \u201cANADOLU \u00c7AR\u015eI MA\u011eAZA \u0130\u015eLETMELER\u0130 T\u0130CARET VE SANAY\u0130 ANON\u0130M \u015e\u0130RKET\u0130<\/p>\r\n<p>M\u0130GALL GROSS TOPTAN PERAKENDE MARKET, WWW.M\u0130GALL.COM.TR\u00a0 WWW.M\u0130GALLONL\u0130NEMARKET.COM\u201d internet sitesinin i\u015fletilmesi s\u0131ras\u0131nda site kullan\u0131c\u0131lar\u0131\/\u00fcyeleri\/ziyaret\u00e7ileri taraf\u0131ndan \u00e7erezlerin kullan\u0131m\u0131 s\u0131ras\u0131nda elde edilen ki\u015fisel verilerin i\u015flenmesine ili\u015fkin olarak sizlere bilgi vermektir. \u0130\u015fbu Ayd\u0131nlatma Metni\u2019nde Sitemizde hangi ama\u00e7larla hangi t\u00fcr \u00e7erezleri kulland\u0131\u011f\u0131m\u0131z\u0131 ve bu \u00e7erezleri nas\u0131l kontrol edebilece\u011finizi sizlere a\u00e7\u0131klamak istiyoruz.<\/p>\r\n<p>Migall olarak Sitemizde kulland\u0131\u011f\u0131m\u0131z \u00e7erezleri kullanmaktan vazge\u00e7ebilir, bunlar\u0131n t\u00fcrlerini veya fonksiyonlar\u0131n\u0131 de\u011fi\u015ftirebilir veya Sitemize yeni \u00e7erezler ekleyebiliriz. Dolay\u0131s\u0131yla i\u015fbu Ayd\u0131nlatma Metni\u2019nin h\u00fck\u00fcmlerini diledi\u011fimiz zaman de\u011fi\u015ftirme hakk\u0131n\u0131 sakl\u0131 tutar\u0131z.<\/p>\r\n<p>Ki\u015fisel verilerinizin \u015eirket taraf\u0131ndan i\u015flenme hakk\u0131nda daha detayl\u0131 bilgi i\u00e7in https:\/\/www.migall.com.tr\/kvvk adresinde yer alan Anadolu \u00c7ar\u015f\u0131 Anonim \u015eirketi Ki\u015fisel Verilerin Korunmas\u0131 ve \u0130\u015flenmesi Politikas\u0131\u2019n\u0131 okuman\u0131z\u0131 tavsiye ederiz.<\/p>\r\n<p><strong>Hangi \u00c7erezler Hangi Ama\u00e7larla Kullan\u0131lmaktad\u0131r?<\/strong><\/p>\r\n<p><strong>Genel Olarak<\/strong><\/p>\r\n<p>Anadolu \u00c7ar\u015f\u0131 Anonim \u015eirketi olarak Sitemizde \u00e7e\u015fitli ama\u00e7larla \u00e7erezler kullanmakta ve bu \u00e7erezler vas\u0131tas\u0131yla ki\u015fisel verilerinizi i\u015flemekteyiz. Bu ama\u00e7lar ba\u015fl\u0131ca \u015funlard\u0131r:<\/p>\r\n<ul>\r\n<li>Sitenin \u00e7al\u0131\u015fmas\u0131 i\u00e7in gerekli temel fonksiyonlar\u0131 ger\u00e7ekle\u015ftirmek. \u00d6rne\u011fin, oturum a\u00e7an \u00fcyelerin sitede farkl\u0131 sayfalar\u0131 ziyaret ederken tekrar \u015fifre girmelerine gerek kalmamas\u0131.<\/li>\r\n<li>Siteyi analiz etmek ve sitenin performans\u0131n\u0131 artt\u0131rmak.<\/li>\r\n<li>Site\u2019nin i\u015flevselli\u011fini artt\u0131rmak ve kullan\u0131m kolayl\u0131\u011f\u0131 sa\u011flamak.<\/li>\r\n<li>Ki\u015fiselle\u015ftirme, hedefleme ve reklamc\u0131l\u0131k faaliyeti ger\u00e7ekle\u015ftirmek.<\/li>\r\n<li>KVK Kanunu\u2019nun 5. ve 8. maddeleri uyar\u0131nca ve\/veya ilgili mevzuattaki istisnalar\u0131n varl\u0131\u011f\u0131 halinde ki\u015fisel verileriniz mevzuat uyar\u0131nca gerekli olan hallerde r\u0131zan\u0131z do\u011frultusunda, aksi hallerde r\u0131zan\u0131z al\u0131nmaks\u0131z\u0131n yukar\u0131daki ama\u00e7lar do\u011frultusunda i\u015flenebilecektir. Anadolu \u00c7ar\u015f\u0131 Anonim \u015eirketi olarak, Ayd\u0131nlatma Metni kapsam\u0131ndaki ki\u015fisel verilerinizi yukar\u0131da belirtilen ama\u00e7lar\u0131n ger\u00e7ekle\u015ftirilebilmesi ile s\u0131n\u0131rl\u0131 olarak ve mevzuata uygun \u015fekilde \u015eirketimizin hizmetlerinden faydaland\u0131\u011f\u0131 \u00fc\u00e7\u00fcnc\u00fc ki\u015filerle, tedarik\u00e7ilerimiz, i\u015f ortaklar\u0131m\u0131z ve grup \u015firketlerimiz ile payla\u015fabiliriz. Verilerin aktar\u0131ld\u0131\u011f\u0131 taraflar\u0131n ki\u015fisel verilerinizi d\u00fcnyan\u0131n her yerindeki sunucular\u0131nda saklayabilece\u011fini belirtmek isteriz.<\/li>\r\n<\/ul>\r\n<p><strong>Sitemizde Kullan\u0131lan \u00c7erezler<\/strong><\/p>\r\n<p>A\u015fa\u011f\u0131da sitemizde kulland\u0131\u011f\u0131m\u0131z farkl\u0131 t\u00fcrdeki \u00e7erezleri bulabilirsiniz. Sitemizde hem birinci parti \u00e7erezler (ziyaret etti\u011finiz Site taraf\u0131ndan yerle\u015ftirilen) hem de \u00fc\u00e7\u00fcnc\u00fc parti \u00e7erezleri (ziyaret etti\u011finiz site haricindeki sunucular taraf\u0131ndan yerle\u015ftirilen) kullan\u0131lmaktad\u0131r.<\/p>\r\n<p><strong>Zorunlu \u00c7erezler<\/strong><\/p>\r\n<p>Belli \u00e7erezlerin kullan\u0131m\u0131 Sitemizin do\u011fru bi\u00e7imde \u00e7al\u0131\u015fmas\u0131 i\u00e7in zorunludur.<\/p>\r\n<p><strong>\u0130\u015flevsellik ve Tercih \u00c7erezleri<\/strong><\/p>\r\n<p>Bu \u00e7erezler sizlerin Site \u00fczerindeki tercihlerini ve se\u00e7imlerinizi hat\u0131rlayarak Sitemizde sunulan hizmetlerin sizin i\u00e7in ki\u015fiselle\u015fmesini sa\u011flamaktad\u0131r.<\/p>\r\n<p><strong>Sosyal Medya \u00c7erezleri<\/strong><\/p>\r\n<p>Bu \u00e7erezler sizlerin sosyal medya kullan\u0131mlar\u0131n\u0131z hakk\u0131nda bilgilerin toplanmas\u0131n\u0131 sa\u011flar.<\/p>\r\n<p><strong>Performans ve Analiz \u00c7erezleri<\/strong><\/p>\r\n<p>Bu \u00e7erezler sayesinde Sitemizi kullan\u0131m\u0131n\u0131z\u0131 ve Sitemizin performans\u0131n\u0131 analiz ederek sizlere verdi\u011fimiz hizmetleri daha iyi hale getirebiliyoruz.<\/p>\r\n<p><strong>Hedefleme veya Reklam \u00c7erezleri<\/strong><\/p>\r\n<p>Sizlere Sitemizde veya Sitemiz haricindeki mecralarda \u00fcr\u00fcn ve hizmet tan\u0131t\u0131m\u0131n\u0131 yapmak i\u00e7in \u00e7erezler kullan\u0131yoruz. Ayr\u0131ca baz\u0131 i\u015f ortaklar\u0131m\u0131zla sizlere Sitemiz dahilinde veya d\u0131\u015f\u0131nda reklam ve tan\u0131t\u0131m yapmak i\u00e7in i\u015f birli\u011fine gidebiliriz.<\/p>\r\n<p><strong>\u00c7erezlerin Kullan\u0131m\u0131n\u0131 Nas\u0131l Kontrol Edebilirim?<\/strong><\/p>\r\n<p>Taray\u0131c\u0131n\u0131z\u0131n ayarlar\u0131n\u0131 de\u011fi\u015ftirerek \u00e7erezlere ili\u015fkin tercihlerinizi ki\u015fiselle\u015ftirme imkan\u0131na sahipsiniz.<\/p>\r\n<p><strong>Veri Sahibi Olarak Haklar\u0131n\u0131z Nelerdir?<\/strong><\/p>\r\n<p>KVK Kanunu\u2019nun 11. maddesi uyar\u0131nca veri sahipleri,<\/p>\r\n<p>Ki\u015fisel veri i\u015flenip i\u015flenmedi\u011fini \u00f6\u011frenme,<\/p>\r\n<p>Ki\u015fisel verileri i\u015flenmi\u015fse buna ili\u015fkin bilgi talep etme,<\/p>\r\n<p>Ki\u015fisel verilerin i\u015flenme amac\u0131n\u0131 ve bunlar\u0131n amac\u0131na uygun kullan\u0131l\u0131p kullan\u0131lmad\u0131\u011f\u0131n\u0131 \u00f6\u011frenme<\/p>\r\n<p>Yurt i\u00e7inde veya yurt d\u0131\u015f\u0131nda ki\u015fisel verilerin aktar\u0131ld\u0131\u011f\u0131 \u00fc\u00e7\u00fcnc\u00fc ki\u015fileri bilme,<\/p>\r\n<p>Ki\u015fisel verilerin eksik veya yanl\u0131\u015f i\u015flenmi\u015f olmas\u0131 h\u00e2linde bunlar\u0131n d\u00fczeltilmesini isteme ve bu kapsamda yap\u0131lan i\u015flemin ki\u015fisel verilerin aktar\u0131ld\u0131\u011f\u0131 \u00fc\u00e7\u00fcnc\u00fc ki\u015filere bildirilmesini isteme,<\/p>\r\n<p>KVK Kanunu ve ilgili di\u011fer kanun h\u00fck\u00fcmlerine uygun olarak i\u015flenmi\u015f olmas\u0131na ra\u011fmen, i\u015flenmesini gerektiren sebeplerin ortadan kalkmas\u0131 h\u00e2linde ki\u015fisel verilerin silinmesini veya yok edilmesini isteme ve bu kapsamda yap\u0131lan i\u015flemin ki\u015fisel verilerin aktar\u0131ld\u0131\u011f\u0131 \u00fc\u00e7\u00fcnc\u00fc ki\u015filere bildirilmesini isteme,<\/p>\r\n<p>\u0130\u015flenen verilerin m\u00fcnhas\u0131ran otomatik sistemler vas\u0131tas\u0131yla analiz edilmesi suretiyle ki\u015finin kendisi aleyhine bir sonucun ortaya \u00e7\u0131kmas\u0131na itiraz etme,<\/p>\r\n<p>Ki\u015fisel verilerin kanuna ayk\u0131r\u0131 olarak i\u015flenmesi sebebiyle zarara u\u011framas\u0131 h\u00e2linde zarar\u0131n giderilmesini talep etme haklar\u0131na sahiptir.<\/p>\r\n<p>Ba\u015fvurular\u0131n\u0131z en k\u0131sa s\u00fcrede ve en ge\u00e7 30 (otuz) g\u00fcn i\u00e7erisinde de\u011ferlendirilerek sonu\u00e7land\u0131r\u0131lacakt\u0131r. Taleplere ili\u015fkin olarak herhangi bir \u00fccret talep edilmemesi esas olmakla birlikte, \u015eirket\u2019in KVK Kurulu taraf\u0131ndan belirlenen \u00fccret tarifesi \u00fczerinden \u00fccret talep etme hakk\u0131 sakl\u0131d\u0131r.<\/p>\r\n<p>Veri Sahibi, i\u015fbu ayd\u0131nlatma metnine konu bilgilerinin tam, do\u011fru ve g\u00fcncel oldu\u011funu, bu bilgilerde herhangi bir de\u011fi\u015fiklik olmas\u0131 halinde bunlar\u0131 derhal g\u00fcncelleyece\u011fini taahh\u00fct eder. Veri sahibinin g\u00fcncel bilgileri sa\u011flamam\u0131\u015f olmas\u0131 halinde \u015firketin herhangi bir sorumlulu\u011fu olmayacakt\u0131r.<\/p>\r\n<p>Veri Sahibi, herhangi bir ki\u015fisel verisinin \u015firket taraf\u0131ndan kullan\u0131lamamas\u0131 ile sonu\u00e7lanacak bir talepte bulunmas\u0131 halinde sitenin i\u015fleyi\u015finden tam olarak faydalanamayabilece\u011fini kabul ile bu kapsamda do\u011facak her t\u00fcrl\u00fc sorumlulu\u011fun kendisine ait olaca\u011f\u0131n\u0131 beyan eder.<\/p>","protected":false},"excerpt":{"rendered":"<p>ANADOLU \u00c7AR\u015eI MA\u011eAZA \u0130\u015eLETMELER\u0130 T\u0130CARET VE SANAY\u0130 ANON\u0130M \u015e\u0130RKET\u0130 \u0130NTERNET S\u0130TES\u0130 \u00c7EREZ AYDINLATMA METN\u0130 Son g\u00fcncelleme tarihi: 01\/07\/2020 ANADOLU \u00c7AR\u015eI MA\u011eAZA \u0130\u015eLETMELER\u0130 T\u0130CARET VE SANAY\u0130 ANON\u0130M \u015e\u0130RKET\u0130 olarak, \u00e7evrimi\u00e7i mecralar\u0131m\u0131z\u0131 ziyaretleriniz s\u0131ras\u0131nda sizlerin deneyiminizi geli\u015ftirmek i\u00e7in \u00e7erezler, pikseller, gifler gibi baz\u0131 teknolojilerden faydalanmaktay\u0131z. Bu teknolojilerin kullan\u0131m\u0131 ba\u015fta 6698 say\u0131l\u0131 Ki\u015fisel Verilerin Korunmas\u0131 Kanunu olmak \u00fczere<\/p>\n","protected":false},"author":1,"featured_media":0,"parent":0,"menu_order":0,"comment_status":"closed","ping_status":"closed","template":"","meta":{"footnotes":""},"class_list":["post-18043","page","type-page","status-publish","hentry"],"_links":{"self":[{"href":"https:\/\/migallonlinemarket.com\/index.php\/wp-json\/wp\/v2\/pages\/18043","targetHints":{"allow":["GET"]}}],"collection":[{"href":"https:\/\/migallonlinemarket.com\/index.php\/wp-json\/wp\/v2\/pages"}],"about":[{"href":"https:\/\/migallonlinemarket.com\/index.php\/wp-json\/wp\/v2\/types\/page"}],"author":[{"embeddable":true,"href":"https:\/\/migallonlinemarket.com\/index.php\/wp-json\/wp\/v2\/users\/1"}],"replies":[{"embeddable":true,"href":"https:\/\/migallonlinemarket.com\/index.php\/wp-json\/wp\/v2\/comments?post=18043"}],"version-history":[{"count":1,"href":"https:\/\/migallonlinemarket.com\/index.php\/wp-json\/wp\/v2\/pages\/18043\/revisions"}],"predecessor-version":[{"id":18046,"href":"https:\/\/migallonlinemarket.com\/index.php\/wp-json\/wp\/v2\/pages\/18043\/revisions\/18046"}],"wp:attachment":[{"href":"https:\/\/migallonlinemarket.com\/index.php\/wp-json\/wp\/v2\/media?parent=18043"}],"curies":[{"name":"wp","href":"https:\/\/api.w.org\/{rel}","templated":true}]}}