{"id":17997,"date":"2024-05-25T17:25:38","date_gmt":"2024-05-25T14:25:38","guid":{"rendered":"http:\/\/migallonlinemarket.com\/?page_id=17997"},"modified":"2024-05-25T20:58:12","modified_gmt":"2024-05-25T17:58:12","slug":"basvuru","status":"publish","type":"page","link":"https:\/\/migallonlinemarket.com\/index.php\/basvuru\/","title":{"rendered":"\u0130\u015f Ba\u015fvuru Formu"},"content":{"rendered":"<p style=\"text-align: center;\">\n<div class=\"wpcf7 no-js\" id=\"wpcf7-f18003-o1\" lang=\"tr-TR\" dir=\"ltr\">\n<div class=\"screen-reader-response\"><p role=\"status\" aria-live=\"polite\" aria-atomic=\"true\"><\/p> <ul><\/ul><\/div>\n<form action=\"\/index.php\/wp-json\/wp\/v2\/pages\/17997#wpcf7-f18003-o1\" method=\"post\" class=\"wpcf7-form init\" aria-label=\"\u0130leti\u015fim Formu\" novalidate=\"novalidate\" data-status=\"init\">\n<div style=\"display: none;\">\n<input type=\"hidden\" name=\"_wpcf7\" value=\"18003\" \/>\n<input type=\"hidden\" name=\"_wpcf7_version\" value=\"5.9.5\" \/>\n<input type=\"hidden\" name=\"_wpcf7_locale\" value=\"tr_TR\" \/>\n<input type=\"hidden\" name=\"_wpcf7_unit_tag\" value=\"wpcf7-f18003-o1\" \/>\n<input type=\"hidden\" name=\"_wpcf7_container_post\" value=\"0\" \/>\n<input type=\"hidden\" name=\"_wpcf7_posted_data_hash\" value=\"\" \/>\n<\/div>\n<p>K\u0130ML\u0130K B\u0130LG\u0130LER\u0130N\u0130Z\n<\/p>\n<p><label> Ad\u0131n\u0131z Soyad\u0131n\u0131z <span class=\"wpcf7-form-control-wrap\" data-name=\"your-name\"><input size=\"40\" class=\"wpcf7-form-control wpcf7-text wpcf7-validates-as-required\" autocomplete=\"name\" aria-required=\"true\" aria-invalid=\"false\" value=\"\" type=\"text\" name=\"your-name\" \/><\/span> <\/label>\n<\/p>\n<p><label> Do\u011fum Yeri <span class=\"wpcf7-form-control-wrap\" data-name=\"dogumyeri\"><input size=\"40\" class=\"wpcf7-form-control wpcf7-text\" aria-invalid=\"false\" value=\"\" type=\"text\" name=\"dogumyeri\" \/><\/span> <\/label><label> Do\u011fum Tarihi <span class=\"wpcf7-form-control-wrap\" data-name=\"dogumtarihi\"><input class=\"wpcf7-form-control wpcf7-date wpcf7-validates-as-date\" aria-invalid=\"false\" value=\"\" type=\"date\" name=\"dogumtarihi\" \/><\/span> <\/label>\n<\/p>\n<p>Cinsiyetiniz <span class=\"wpcf7-form-control-wrap\" data-name=\"cinsiyet\"><span class=\"wpcf7-form-control wpcf7-radio\"><span class=\"wpcf7-list-item first\"><label><input type=\"radio\" name=\"cinsiyet\" value=\"Erkek\" checked=\"checked\" \/><span class=\"wpcf7-list-item-label\">Erkek<\/span><\/label><\/span><span class=\"wpcf7-list-item last\"><label><input type=\"radio\" name=\"cinsiyet\" value=\"Kad\u0131n\" \/><span class=\"wpcf7-list-item-label\">Kad\u0131n<\/span><\/label><\/span><\/span><\/span>\n<\/p>\n<p>Medeni Haliniz <span class=\"wpcf7-form-control-wrap\" data-name=\"medeni\"><span class=\"wpcf7-form-control wpcf7-radio\"><span class=\"wpcf7-list-item first\"><label><input type=\"radio\" name=\"medeni\" value=\"Evli\" checked=\"checked\" \/><span class=\"wpcf7-list-item-label\">Evli<\/span><\/label><\/span><span class=\"wpcf7-list-item last\"><label><input type=\"radio\" name=\"medeni\" value=\"Bekar\" \/><span class=\"wpcf7-list-item-label\">Bekar<\/span><\/label><\/span><\/span><\/span>\n<\/p>\n<p>Kan Grubunuz <span class=\"wpcf7-form-control-wrap\" data-name=\"kangrubu\"><span class=\"wpcf7-form-control wpcf7-radio\"><span class=\"wpcf7-list-item first\"><label><input type=\"radio\" name=\"kangrubu\" value=\"A Rh (+)\" checked=\"checked\" \/><span class=\"wpcf7-list-item-label\">A Rh (+)<\/span><\/label><\/span><span class=\"wpcf7-list-item\"><label><input type=\"radio\" name=\"kangrubu\" value=\"A Rh (-)\" \/><span class=\"wpcf7-list-item-label\">A Rh (-)<\/span><\/label><\/span><span class=\"wpcf7-list-item\"><label><input type=\"radio\" name=\"kangrubu\" value=\"B Rh (+)\" \/><span class=\"wpcf7-list-item-label\">B Rh (+)<\/span><\/label><\/span><span class=\"wpcf7-list-item\"><label><input type=\"radio\" name=\"kangrubu\" value=\"B Rh (-)\" \/><span class=\"wpcf7-list-item-label\">B Rh (-)<\/span><\/label><\/span><span class=\"wpcf7-list-item\"><label><input type=\"radio\" name=\"kangrubu\" value=\"AB Rh (+)\" \/><span class=\"wpcf7-list-item-label\">AB Rh (+)<\/span><\/label><\/span><span class=\"wpcf7-list-item\"><label><input type=\"radio\" name=\"kangrubu\" value=\"AB Rh (-)\" \/><span class=\"wpcf7-list-item-label\">AB Rh (-)<\/span><\/label><\/span><span class=\"wpcf7-list-item\"><label><input type=\"radio\" name=\"kangrubu\" value=\"0 Rh (+)\" \/><span class=\"wpcf7-list-item-label\">0 Rh (+)<\/span><\/label><\/span><span class=\"wpcf7-list-item last\"><label><input type=\"radio\" name=\"kangrubu\" value=\"0 Rh (-)\" \/><span class=\"wpcf7-list-item-label\">0 Rh (-)<\/span><\/label><\/span><\/span><\/span>\n<\/p>\n<p><label> Boy \u00d6l\u00e7\u00fcn\u00fcz cm <span class=\"wpcf7-form-control-wrap\" data-name=\"boy\"><input class=\"wpcf7-form-control wpcf7-number wpcf7-validates-as-number\" min=\"90\" max=\"250\" aria-invalid=\"false\" value=\"\" type=\"number\" name=\"boy\" \/><\/span> <\/label><label> Kilonuz <span class=\"wpcf7-form-control-wrap\" data-name=\"kilo\"><input class=\"wpcf7-form-control wpcf7-number wpcf7-validates-as-number\" min=\"30\" max=\"200\" aria-invalid=\"false\" value=\"\" type=\"number\" name=\"kilo\" \/><\/span> <\/label><br \/>\nSeyahat Engeliniz <span class=\"wpcf7-form-control-wrap\" data-name=\"seyahat\"><span class=\"wpcf7-form-control wpcf7-radio\"><span class=\"wpcf7-list-item first\"><label><input type=\"radio\" name=\"seyahat\" value=\"Var\" checked=\"checked\" \/><span class=\"wpcf7-list-item-label\">Var<\/span><\/label><\/span><span class=\"wpcf7-list-item last\"><label><input type=\"radio\" name=\"seyahat\" value=\"Yok\" \/><span class=\"wpcf7-list-item-label\">Yok<\/span><\/label><\/span><\/span><\/span>\n<\/p>\n<p>Herhangi Bir Rahats\u0131zl\u0131\u011f\u0131n\u0131z <span class=\"wpcf7-form-control-wrap\" data-name=\"rahatsizlik\"><span class=\"wpcf7-form-control wpcf7-radio\"><span class=\"wpcf7-list-item first\"><label><input type=\"radio\" name=\"rahatsizlik\" value=\"Var\" checked=\"checked\" \/><span class=\"wpcf7-list-item-label\">Var<\/span><\/label><\/span><span class=\"wpcf7-list-item last\"><label><input type=\"radio\" name=\"rahatsizlik\" value=\"Yok\" \/><span class=\"wpcf7-list-item-label\">Yok<\/span><\/label><\/span><\/span><\/span>\n<\/p>\n<p>Sab\u0131ka Kayd\u0131n\u0131z <span class=\"wpcf7-form-control-wrap\" data-name=\"sabika\"><span class=\"wpcf7-form-control wpcf7-radio\"><span class=\"wpcf7-list-item first\"><label><input type=\"radio\" name=\"sabika\" value=\"Var\" checked=\"checked\" \/><span class=\"wpcf7-list-item-label\">Var<\/span><\/label><\/span><span class=\"wpcf7-list-item last\"><label><input type=\"radio\" name=\"sabika\" value=\"Yok\" \/><span class=\"wpcf7-list-item-label\">Yok<\/span><\/label><\/span><\/span><\/span>\n<\/p>\n<p>Ehliyetiniz <span class=\"wpcf7-form-control-wrap\" data-name=\"ehliyet\"><span class=\"wpcf7-form-control wpcf7-radio\"><span class=\"wpcf7-list-item first\"><label><input type=\"radio\" name=\"ehliyet\" value=\"Var\" checked=\"checked\" \/><span class=\"wpcf7-list-item-label\">Var<\/span><\/label><\/span><span class=\"wpcf7-list-item last\"><label><input type=\"radio\" name=\"ehliyet\" value=\"Yok\" \/><span class=\"wpcf7-list-item-label\">Yok<\/span><\/label><\/span><\/span><\/span>\n<\/p>\n<p>Firmam\u0131zdan Tan\u0131d\u0131\u011f\u0131n\u0131z Biri(leri) <span class=\"wpcf7-form-control-wrap\" data-name=\"tanidik\"><span class=\"wpcf7-form-control wpcf7-radio\"><span class=\"wpcf7-list-item first\"><label><input type=\"radio\" name=\"tanidik\" value=\"Var\" checked=\"checked\" \/><span class=\"wpcf7-list-item-label\">Var<\/span><\/label><\/span><span class=\"wpcf7-list-item last\"><label><input type=\"radio\" name=\"tanidik\" value=\"Yok\" \/><span class=\"wpcf7-list-item-label\">Yok<\/span><\/label><\/span><\/span><\/span>\n<\/p>\n<p><label> Ba\u015fvuru Pozisyonu <span class=\"wpcf7-form-control-wrap\" data-name=\"basvuru\"><select class=\"wpcf7-form-control wpcf7-select\" aria-invalid=\"false\" name=\"basvuru\"><option value=\"Reyon G\u00f6revlisi\">Reyon G\u00f6revlisi<\/option><option value=\"Kasiyer\">Kasiyer<\/option><option value=\"G\u00fcvenlik Eleman\u0131\">G\u00fcvenlik Eleman\u0131<\/option><option value=\"Sekreter\">Sekreter<\/option><option value=\"Sat\u0131nalma\">Sat\u0131nalma<\/option><option value=\"Muhasebe\">Muhasebe<\/option><\/select><\/span> <\/label> - <label> Di\u011fer <span class=\"wpcf7-form-control-wrap\" data-name=\"diger\"><input size=\"40\" class=\"wpcf7-form-control wpcf7-text\" aria-invalid=\"false\" value=\"\" type=\"text\" name=\"diger\" \/><\/span><\/label>\n<\/p>\n<p><label> \u0130kamet Adresiniz <span class=\"wpcf7-form-control-wrap\" data-name=\"ikamet\"><input size=\"40\" class=\"wpcf7-form-control wpcf7-text\" aria-invalid=\"false\" value=\"\" type=\"text\" name=\"ikamet\" \/><\/span> <\/label><label> Telefon Numaran\u0131z <span class=\"wpcf7-form-control-wrap\" data-name=\"telefon\"><input size=\"40\" class=\"wpcf7-form-control wpcf7-tel wpcf7-text wpcf7-validates-as-tel\" aria-invalid=\"false\" value=\"\" type=\"tel\" name=\"telefon\" \/><\/span><\/label>\n<\/p>\n<p><label> Email Adresiniz <span class=\"wpcf7-form-control-wrap\" data-name=\"eposta\"><input size=\"40\" class=\"wpcf7-form-control wpcf7-email wpcf7-text wpcf7-validates-as-email\" aria-invalid=\"false\" value=\"\" type=\"email\" name=\"eposta\" \/><\/span> <\/label><label> Bizden Beklentileriniz <span class=\"wpcf7-form-control-wrap\" data-name=\"beklenti\"><input size=\"40\" class=\"wpcf7-form-control wpcf7-text\" aria-invalid=\"false\" value=\"\" type=\"text\" name=\"beklenti\" \/><\/span><\/label>\n<\/p>\n<p>\u00d6\u011eREN\u0130M DURUMUNUZ\n<\/p>\n<p>\u0130LK\u00d6\u011eREN\u0130M<br \/>\n<label> Okul Ad\u0131 <span class=\"wpcf7-form-control-wrap\" data-name=\"ilkokul\"><input size=\"40\" class=\"wpcf7-form-control wpcf7-text\" aria-invalid=\"false\" value=\"\" type=\"text\" name=\"ilkokul\" \/><\/span> <\/label><label> D\u00f6nem \u00f6rn. (1998\/2012) <span class=\"wpcf7-form-control-wrap\" data-name=\"ilkdonem\"><input size=\"40\" class=\"wpcf7-form-control wpcf7-text\" aria-invalid=\"false\" value=\"\" type=\"text\" name=\"ilkdonem\" \/><\/span> <\/label><br \/>\n<label> B\u00f6l\u00fcm <span class=\"wpcf7-form-control-wrap\" data-name=\"ilkbolum\"><input size=\"40\" class=\"wpcf7-form-control wpcf7-text\" aria-invalid=\"false\" value=\"\" type=\"text\" name=\"ilkbolum\" \/><\/span> <\/label>\n<\/p>\n<p>ORTA \u00d6\u011eREN\u0130M<br \/>\n<label> Okul Ad\u0131 <span class=\"wpcf7-form-control-wrap\" data-name=\"ortaokul\"><input size=\"40\" class=\"wpcf7-form-control wpcf7-text\" aria-invalid=\"false\" value=\"\" type=\"text\" name=\"ortaokul\" \/><\/span> <\/label><label> D\u00f6nem \u00f6rn. (1998\/2012) <span class=\"wpcf7-form-control-wrap\" data-name=\"ortadonem\"><input size=\"40\" class=\"wpcf7-form-control wpcf7-text\" aria-invalid=\"false\" value=\"\" type=\"text\" name=\"ortadonem\" \/><\/span> <\/label><br \/>\n<label> B\u00f6l\u00fcm <span class=\"wpcf7-form-control-wrap\" data-name=\"ortabolum\"><input size=\"40\" class=\"wpcf7-form-control wpcf7-text\" aria-invalid=\"false\" value=\"\" type=\"text\" name=\"ortabolum\" \/><\/span> <\/label>\n<\/p>\n<p>Y\u00dcKSEK \u00d6\u011eREN\u0130M<br \/>\n<label> Okul Ad\u0131 <span class=\"wpcf7-form-control-wrap\" data-name=\"yuksekokul\"><input size=\"40\" class=\"wpcf7-form-control wpcf7-text\" aria-invalid=\"false\" value=\"\" type=\"text\" name=\"yuksekokul\" \/><\/span> <\/label><label> D\u00f6nem \u00f6rn. (1998\/2012) <span class=\"wpcf7-form-control-wrap\" data-name=\"yuksekdonem\"><input size=\"40\" class=\"wpcf7-form-control wpcf7-text\" aria-invalid=\"false\" value=\"\" type=\"text\" name=\"yuksekdonem\" \/><\/span> <\/label><br \/>\n<label> B\u00f6l\u00fcm <span class=\"wpcf7-form-control-wrap\" data-name=\"yuksekbolum\"><input size=\"40\" class=\"wpcf7-form-control wpcf7-text\" aria-invalid=\"false\" value=\"\" type=\"text\" name=\"yuksekbolum\" \/><\/span> <\/label>\n<\/p>\n<p><label> Yabanc\u0131 Dil-1 <span class=\"wpcf7-form-control-wrap\" data-name=\"yabanci1\"><input size=\"40\" class=\"wpcf7-form-control wpcf7-text\" aria-invalid=\"false\" value=\"\" type=\"text\" name=\"yabanci1\" \/><\/span> <\/label> Seviye <span class=\"wpcf7-form-control-wrap\" data-name=\"syabanci1\"><span class=\"wpcf7-form-control wpcf7-radio\"><span class=\"wpcf7-list-item first\"><input type=\"radio\" name=\"syabanci1\" value=\"\u00c7ok \u0130yi\" checked=\"checked\" \/><span class=\"wpcf7-list-item-label\">\u00c7ok \u0130yi<\/span><\/span><span class=\"wpcf7-list-item\"><input type=\"radio\" name=\"syabanci1\" value=\"\u0130yi\" \/><span class=\"wpcf7-list-item-label\">\u0130yi<\/span><\/span><span class=\"wpcf7-list-item\"><input type=\"radio\" name=\"syabanci1\" value=\"Orta\" \/><span class=\"wpcf7-list-item-label\">Orta<\/span><\/span><span class=\"wpcf7-list-item last\"><input type=\"radio\" name=\"syabanci1\" value=\"Az\" \/><span class=\"wpcf7-list-item-label\">Az<\/span><\/span><\/span><\/span><br \/>\n<label> Yabanc\u0131 Dil-2 <span class=\"wpcf7-form-control-wrap\" data-name=\"yabanci1\"><input size=\"40\" class=\"wpcf7-form-control wpcf7-text\" aria-invalid=\"false\" value=\"\" type=\"text\" name=\"yabanci1\" \/><\/span> <\/label> Seviye <span class=\"wpcf7-form-control-wrap\" data-name=\"syabanci2\"><span class=\"wpcf7-form-control wpcf7-radio\"><span class=\"wpcf7-list-item first\"><input type=\"radio\" name=\"syabanci2\" value=\"\u00c7ok \u0130yi\" checked=\"checked\" \/><span class=\"wpcf7-list-item-label\">\u00c7ok \u0130yi<\/span><\/span><span class=\"wpcf7-list-item\"><input type=\"radio\" name=\"syabanci2\" value=\"\u0130yi\" \/><span class=\"wpcf7-list-item-label\">\u0130yi<\/span><\/span><span class=\"wpcf7-list-item\"><input type=\"radio\" name=\"syabanci2\" value=\"Orta\" \/><span class=\"wpcf7-list-item-label\">Orta<\/span><\/span><span class=\"wpcf7-list-item last\"><input type=\"radio\" name=\"syabanci2\" value=\"Az\" \/><span class=\"wpcf7-list-item-label\">Az<\/span><\/span><\/span><\/span><br \/>\n<label> Yabanc\u0131 Dil-3 <span class=\"wpcf7-form-control-wrap\" data-name=\"yabanci1\"><input size=\"40\" class=\"wpcf7-form-control wpcf7-text\" aria-invalid=\"false\" value=\"\" type=\"text\" name=\"yabanci1\" \/><\/span> <\/label> Seviye <span class=\"wpcf7-form-control-wrap\" data-name=\"syabanci3\"><span class=\"wpcf7-form-control wpcf7-radio\"><span class=\"wpcf7-list-item first\"><input type=\"radio\" name=\"syabanci3\" value=\"\u00c7ok \u0130yi\" checked=\"checked\" \/><span class=\"wpcf7-list-item-label\">\u00c7ok \u0130yi<\/span><\/span><span class=\"wpcf7-list-item\"><input type=\"radio\" name=\"syabanci3\" value=\"\u0130yi\" \/><span class=\"wpcf7-list-item-label\">\u0130yi<\/span><\/span><span class=\"wpcf7-list-item\"><input type=\"radio\" name=\"syabanci3\" value=\"Orta\" \/><span class=\"wpcf7-list-item-label\">Orta<\/span><\/span><span class=\"wpcf7-list-item last\"><input type=\"radio\" name=\"syabanci3\" value=\"Az\" \/><span class=\"wpcf7-list-item-label\">Az<\/span><\/span><\/span><\/span>\n<\/p>\n<p>\u00c7ALI\u015eMA TECR\u00dcBEN\u0130Z<br \/>\n<label> Kurulu\u015f Ad\u0131 <span class=\"wpcf7-form-control-wrap\" data-name=\"kurulus1\"><input size=\"40\" class=\"wpcf7-form-control wpcf7-text\" aria-invalid=\"false\" value=\"\" type=\"text\" name=\"kurulus1\" \/><\/span> <\/label><label> Kurulu\u015ftaki G\u00f6reviniz <span class=\"wpcf7-form-control-wrap\" data-name=\"gorev1\"><input size=\"40\" class=\"wpcf7-form-control wpcf7-text\" aria-invalid=\"false\" value=\"\" type=\"text\" name=\"gorev1\" \/><\/span> <\/label><br \/>\n<label> \u00c7al\u0131\u015fma S\u00fcreniz <span class=\"wpcf7-form-control-wrap\" data-name=\"calisma1\"><input size=\"40\" class=\"wpcf7-form-control wpcf7-text\" aria-invalid=\"false\" value=\"\" type=\"text\" name=\"calisma1\" \/><\/span> <\/label><label> Ayr\u0131lma Nedeniniz <span class=\"wpcf7-form-control-wrap\" data-name=\"ayrilma1\"><input size=\"40\" class=\"wpcf7-form-control wpcf7-text\" aria-invalid=\"false\" value=\"\" type=\"text\" name=\"ayrilma1\" \/><\/span> <\/label>\n<\/p>\n<p><label> Kurulu\u015f Ad\u0131 <span class=\"wpcf7-form-control-wrap\" data-name=\"kurulus2\"><input size=\"40\" class=\"wpcf7-form-control wpcf7-text\" aria-invalid=\"false\" value=\"\" type=\"text\" name=\"kurulus2\" \/><\/span> <\/label><label> Kurulu\u015ftaki G\u00f6reviniz <span class=\"wpcf7-form-control-wrap\" data-name=\"gorev2\"><input size=\"40\" class=\"wpcf7-form-control wpcf7-text\" aria-invalid=\"false\" value=\"\" type=\"text\" name=\"gorev2\" \/><\/span> <\/label><br \/>\n<label> \u00c7al\u0131\u015fma S\u00fcreniz <span class=\"wpcf7-form-control-wrap\" data-name=\"calisma2\"><input size=\"40\" class=\"wpcf7-form-control wpcf7-text\" aria-invalid=\"false\" value=\"\" type=\"text\" name=\"calisma2\" \/><\/span> <\/label><label> Ayr\u0131lma Nedeniniz <span class=\"wpcf7-form-control-wrap\" data-name=\"ayrilma2\"><input size=\"40\" class=\"wpcf7-form-control wpcf7-text\" aria-invalid=\"false\" value=\"\" type=\"text\" name=\"ayrilma2\" \/><\/span> <\/label>\n<\/p>\n<p><label> Kurulu\u015f Ad\u0131 <span class=\"wpcf7-form-control-wrap\" data-name=\"kurulus3\"><input size=\"40\" class=\"wpcf7-form-control wpcf7-text\" aria-invalid=\"false\" value=\"\" type=\"text\" name=\"kurulus3\" \/><\/span> <\/label><label> Kurulu\u015ftaki G\u00f6reviniz <span class=\"wpcf7-form-control-wrap\" data-name=\"gorev3\"><input size=\"40\" class=\"wpcf7-form-control wpcf7-text\" aria-invalid=\"false\" value=\"\" type=\"text\" name=\"gorev3\" \/><\/span> <\/label><br \/>\n<label> \u00c7al\u0131\u015fma S\u00fcreniz <span class=\"wpcf7-form-control-wrap\" data-name=\"calisma3\"><input size=\"40\" class=\"wpcf7-form-control wpcf7-text\" aria-invalid=\"false\" value=\"\" type=\"text\" name=\"calisma3\" \/><\/span> <\/label><label> Ayr\u0131lma Nedeniniz <span class=\"wpcf7-form-control-wrap\" data-name=\"ayrilma3\"><input size=\"40\" class=\"wpcf7-form-control wpcf7-text\" aria-invalid=\"false\" value=\"\" type=\"text\" name=\"ayrilma3\" \/><\/span> <\/label>\n<\/p>\n<p>REFERANSLARINIZ<br \/>\n<label> Ad Soyad <span class=\"wpcf7-form-control-wrap\" data-name=\"radl\"><input size=\"40\" class=\"wpcf7-form-control wpcf7-text\" aria-invalid=\"false\" value=\"\" type=\"text\" name=\"radl\" \/><\/span> <\/label><label> Firma\/Kurulu\u015f <span class=\"wpcf7-form-control-wrap\" data-name=\"firm1\"><input size=\"40\" class=\"wpcf7-form-control wpcf7-text\" aria-invalid=\"false\" value=\"\" type=\"text\" name=\"firm1\" \/><\/span> <\/label><br \/>\n<label> Telefon Numaras\u0131 <span class=\"wpcf7-form-control-wrap\" data-name=\"ref1\"><input size=\"40\" class=\"wpcf7-form-control wpcf7-tel wpcf7-text wpcf7-validates-as-tel\" aria-invalid=\"false\" value=\"\" type=\"tel\" name=\"ref1\" \/><\/span> <\/label>\n<\/p>\n<p><label> Ad Soyad <span class=\"wpcf7-form-control-wrap\" data-name=\"rad2\"><input size=\"40\" class=\"wpcf7-form-control wpcf7-text\" aria-invalid=\"false\" value=\"\" type=\"text\" name=\"rad2\" \/><\/span> <\/label><label> Firma\/Kurulu\u015f <span class=\"wpcf7-form-control-wrap\" data-name=\"firm2\"><input size=\"40\" class=\"wpcf7-form-control wpcf7-text\" aria-invalid=\"false\" value=\"\" type=\"text\" name=\"firm2\" \/><\/span> <\/label><br \/>\n<label> Telefon Numaras\u0131 <span class=\"wpcf7-form-control-wrap\" data-name=\"ref2\"><input size=\"40\" class=\"wpcf7-form-control wpcf7-tel wpcf7-text wpcf7-validates-as-tel\" aria-invalid=\"false\" value=\"\" type=\"tel\" name=\"ref2\" \/><\/span> <\/label>\n<\/p>\n<p><label> Ad Soyad <span class=\"wpcf7-form-control-wrap\" data-name=\"rad2\"><input size=\"40\" class=\"wpcf7-form-control wpcf7-text\" aria-invalid=\"false\" value=\"\" type=\"text\" name=\"rad2\" \/><\/span> <\/label><label> Firma\/Kurulu\u015f <span class=\"wpcf7-form-control-wrap\" data-name=\"firm2\"><input size=\"40\" class=\"wpcf7-form-control wpcf7-text\" aria-invalid=\"false\" value=\"\" type=\"text\" name=\"firm2\" \/><\/span> <\/label><br \/>\n<label> Telefon Numaras\u0131 <span class=\"wpcf7-form-control-wrap\" data-name=\"ref2\"><input size=\"40\" class=\"wpcf7-form-control wpcf7-tel wpcf7-text wpcf7-validates-as-tel\" aria-invalid=\"false\" value=\"\" type=\"tel\" name=\"ref2\" \/><\/span> <\/label>\n<\/p>\n<p><span class=\"wpcf7-form-control-wrap\" data-name=\"onay\"><span class=\"wpcf7-form-control wpcf7-checkbox wpcf7-validates-as-required\"><span class=\"wpcf7-list-item first last\"><label><input type=\"checkbox\" name=\"onay[]\" value=\"Bilgilerimin do\u011frulu\u011funu kabul ediyorum.\" \/><span class=\"wpcf7-list-item-label\">Bilgilerimin do\u011frulu\u011funu kabul ediyorum.<\/span><\/label><\/span><\/span><\/span>\n<\/p>\n<p><input class=\"wpcf7-form-control wpcf7-submit has-spinner\" type=\"submit\" value=\"G\u00f6nder\" \/>\n<\/p><div class=\"wpcf7-response-output\" aria-hidden=\"true\"><\/div>\n<\/form>\n<\/div>\n<\/p>\n","protected":false},"excerpt":{"rendered":"","protected":false},"author":1,"featured_media":0,"parent":0,"menu_order":0,"comment_status":"closed","ping_status":"closed","template":"","meta":{"footnotes":""},"class_list":["post-17997","page","type-page","status-publish","hentry"],"_links":{"self":[{"href":"https:\/\/migallonlinemarket.com\/index.php\/wp-json\/wp\/v2\/pages\/17997","targetHints":{"allow":["GET"]}}],"collection":[{"href":"https:\/\/migallonlinemarket.com\/index.php\/wp-json\/wp\/v2\/pages"}],"about":[{"href":"https:\/\/migallonlinemarket.com\/index.php\/wp-json\/wp\/v2\/types\/page"}],"author":[{"embeddable":true,"href":"https:\/\/migallonlinemarket.com\/index.php\/wp-json\/wp\/v2\/users\/1"}],"replies":[{"embeddable":true,"href":"https:\/\/migallonlinemarket.com\/index.php\/wp-json\/wp\/v2\/comments?post=17997"}],"version-history":[{"count":4,"href":"https:\/\/migallonlinemarket.com\/index.php\/wp-json\/wp\/v2\/pages\/17997\/revisions"}],"predecessor-version":[{"id":18006,"href":"https:\/\/migallonlinemarket.com\/index.php\/wp-json\/wp\/v2\/pages\/17997\/revisions\/18006"}],"wp:attachment":[{"href":"https:\/\/migallonlinemarket.com\/index.php\/wp-json\/wp\/v2\/media?parent=17997"}],"curies":[{"name":"wp","href":"https:\/\/api.w.org\/{rel}","templated":true}]}}